{"id":1326,"date":"2008-12-05T11:55:45","date_gmt":"2008-12-05T13:55:45","guid":{"rendered":"http:\/\/www.momopropiedades.com.ar\/propiedades\/?page_id=2"},"modified":"2024-03-15T06:31:03","modified_gmt":"2024-03-15T09:31:03","slug":"servicios-inmobiliarios","status":"publish","type":"page","link":"https:\/\/momopropiedades.com.ar\/web\/servicios-inmobiliarios\/","title":{"rendered":"Servicios"},"content":{"rendered":"<p>[et_pb_section fb_built=\u00bb1&#8243; _builder_version=\u00bb3.25.4&#8243; background_image=\u00bbhttps:\/\/momopropiedades.com.ar\/web\/wp-content\/uploads\/2020\/03\/servicios2.jpg\u00bb][et_pb_row _builder_version=\u00bb3.25.4&#8243; custom_margin=\u00bb60px||70px\u00bb][et_pb_column type=\u00bb4_4&#8243; _builder_version=\u00bb3.25.4&#8243;][et_pb_text _builder_version=\u00bb3.27.4&#8243; header_font=\u00bb||||||||\u00bb header_text_align=\u00bbcenter\u00bb header_text_color=\u00bb#ffffff\u00bb]<\/p>\n<h1>SERVICIOS<\/h1>\n<p>[\/et_pb_text][et_pb_text _builder_version=\u00bb3.27.4&#8243; header_font=\u00bb||||||||\u00bb header_4_font=\u00bb||||||||\u00bb header_4_text_align=\u00bbcenter\u00bb header_4_text_color=\u00bb#ffffff\u00bb background_size=\u00bbinitial\u00bb background_position=\u00bbtop_left\u00bb background_repeat=\u00bbrepeat\u00bb]<\/p>\n<h4>TASACIONES &#8211; VENTAS &#8211; ALQUILERES &#8211; ASESORAMIENTO EN INVERSIONES<\/h4>\n<p>[\/et_pb_text][\/et_pb_column][\/et_pb_row][\/et_pb_section][et_pb_section fb_built=\u00bb1&#8243; _builder_version=\u00bb3.22.3&#8243;][et_pb_row column_structure=\u00bb1_2,1_2&#8243; _builder_version=\u00bb3.25&#8243; background_size=\u00bbinitial\u00bb background_position=\u00bbtop_left\u00bb background_repeat=\u00bbrepeat\u00bb][et_pb_column type=\u00bb1_2&#8243; _builder_version=\u00bb3.25&#8243; custom_padding=\u00bb|||\u00bb custom_padding__hover=\u00bb|||\u00bb][et_pb_text _builder_version=\u00bb3.27.4&#8243; background_size=\u00bbinitial\u00bb background_position=\u00bbtop_left\u00bb background_repeat=\u00bbrepeat\u00bb]<\/p>\n<h3>Tasaciones<\/h3>\n<p>Realizamos tasaciones de todo tipo de propiedades mediante m\u00e9todos y f\u00f3rmulas con a\u00f1os de excelentes resultados, llegando al valor real del bien tasado, logrando de esta manera los mejores resultados para las partes. Estos m\u00e9todos consisten en la evaluaci\u00f3n detallada del inmueble, calidad, ubicaci\u00f3n, entorno, mercado, etc.<\/p>\n<p>[\/et_pb_text][\/et_pb_column][et_pb_column type=\u00bb1_2&#8243; _builder_version=\u00bb3.25&#8243; custom_padding=\u00bb|||\u00bb custom_padding__hover=\u00bb|||\u00bb][et_pb_text _builder_version=\u00bb3.27.4&#8243; background_size=\u00bbinitial\u00bb background_position=\u00bbtop_left\u00bb background_repeat=\u00bbrepeat\u00bb]<\/p>\n<h3>Ventas y Alquileres<\/h3>\n<p>Los resultados se logran gracias a la inversi\u00f3n que realizamos en carteler\u00eda, medios gr\u00e1ficos locales, zonales, nacionales e internacionales y al flu\u00eddo intercambio de informaci\u00f3n con distintos colegas de toda la zona.<\/p>\n<p>[\/et_pb_text][\/et_pb_column][\/et_pb_row][\/et_pb_section][et_pb_section fb_built=\u00bb1&#8243; _builder_version=\u00bb3.25.4&#8243; background_color=\u00bbrgba(1,33,61,0.13)\u00bb][et_pb_row _builder_version=\u00bb3.25&#8243; background_size=\u00bbinitial\u00bb background_position=\u00bbtop_left\u00bb background_repeat=\u00bbrepeat\u00bb][et_pb_column type=\u00bb4_4&#8243; _builder_version=\u00bb3.25&#8243; custom_padding=\u00bb|||\u00bb custom_padding__hover=\u00bb|||\u00bb][et_pb_text _builder_version=\u00bb3.27.4&#8243; background_size=\u00bbinitial\u00bb background_position=\u00bbtop_left\u00bb background_repeat=\u00bbrepeat\u00bb]<\/p>\n<h3>Empresa<\/h3>\n<p>Si bien estamos ligados desde hace m\u00e1s de 40 a\u00f1os con gente del sector productivo en toda la zona, la actividad inmobiliaria es reciente. La hemos iniciado gracias a la confianza que logramos de nuestros clientes, por la atenci\u00f3n que brindamos, responsabilidad, dedicaci\u00f3n, y por haber demostrado durante tantos a\u00f1os que somos gente de palabra.<\/p>\n<p>Buscando el mejor resultado para las partes, dejamos siempre conformes a nuestros clientes, haciendo operaciones claras, asesorando en forma imparcial a cada parte. Aprendimos que un cliente conforme, volver\u00e1 o nos recomendar\u00e1 y eso es muy gratificante en esta actividad.<\/p>\n<p>[\/et_pb_text][\/et_pb_column][\/et_pb_row][\/et_pb_section]<\/p>\n","protected":false},"excerpt":{"rendered":"<p>SERVICIOS TASACIONES &#8211; VENTAS &#8211; ALQUILERES &#8211; ASESORAMIENTO EN INVERSIONES Tasaciones Realizamos tasaciones de todo tipo de propiedades mediante m\u00e9todos y f\u00f3rmulas con a\u00f1os de excelentes resultados, llegando al valor real del bien tasado, logrando de esta manera los mejores resultados para las partes. Estos m\u00e9todos consisten en la evaluaci\u00f3n detallada del inmueble, calidad, ubicaci\u00f3n, [&hellip;]<\/p>\n","protected":false},"author":1,"featured_media":0,"parent":0,"menu_order":3,"comment_status":"closed","ping_status":"closed","template":"","meta":{"_et_pb_use_builder":"on","_et_pb_old_content":"<p><strong>TASACIONES - VENTAS - ALQUILERES - ASESORAMIENTO EN INVERSIONES<\/strong><\/p><p><strong>Tasaci\u00f3n:<\/strong> Realizamos tasaciones de todo tipo de propiedades mediante m\u00e9todos y f\u00f3rmulas con a\u00f1os de excelentes resultados, llegando al valor real del bien tasado, logrando de esta manera los mejores resultados para las partes. Estos m\u00e9todos consisten en la evaluaci\u00f3n detallada del inmueble, calidad, ubicaci\u00f3n, entorno, mercado, etc.<\/p><p><strong>Ventas y Alquileres:<\/strong> Los resultados se logran gracias a la inversi\u00f3n que realizamos en carteler\u00eda, medios gr\u00e1ficos locales, zonales, nacionales e internacionales y al flu\u00eddo intercambio de informaci\u00f3n con distintos colegas de toda la zona.<\/p><p><strong>EMPRESA<\/strong><\/p><p>Si bien estamos ligados desde hace m\u00e1s de 40 a\u00f1os con gente del sector productivo en toda la zona, la actividad inmobiliaria es reciente. La hemos iniciado gracias a la confianza que logramos de nuestros clientes, por la atenci\u00f3n que brindamos, responsabilidad, dedicaci\u00f3n, y por haber demostrado durante tantos a\u00f1os que somos gente de palabra.<\/p><p>Buscando el mejor resultado para las partes, dejamos siempre conformes a nuestros clientes, haciendo operaciones claras, asesorando en forma imparcial a cada parte. Aprendimos que un cliente conforme, volver\u00e1 o nos recomendar\u00e1 y eso es muy gratificante en esta actividad.<\/p>","_et_gb_content_width":"","footnotes":""},"_links":{"self":[{"href":"https:\/\/momopropiedades.com.ar\/web\/wp-json\/wp\/v2\/pages\/1326"}],"collection":[{"href":"https:\/\/momopropiedades.com.ar\/web\/wp-json\/wp\/v2\/pages"}],"about":[{"href":"https:\/\/momopropiedades.com.ar\/web\/wp-json\/wp\/v2\/types\/page"}],"author":[{"embeddable":true,"href":"https:\/\/momopropiedades.com.ar\/web\/wp-json\/wp\/v2\/users\/1"}],"replies":[{"embeddable":true,"href":"https:\/\/momopropiedades.com.ar\/web\/wp-json\/wp\/v2\/comments?post=1326"}],"version-history":[{"count":5,"href":"https:\/\/momopropiedades.com.ar\/web\/wp-json\/wp\/v2\/pages\/1326\/revisions"}],"predecessor-version":[{"id":6727,"href":"https:\/\/momopropiedades.com.ar\/web\/wp-json\/wp\/v2\/pages\/1326\/revisions\/6727"}],"wp:attachment":[{"href":"https:\/\/momopropiedades.com.ar\/web\/wp-json\/wp\/v2\/media?parent=1326"}],"curies":[{"name":"wp","href":"https:\/\/api.w.org\/{rel}","templated":true}]}}